{"id":584,"date":"2023-10-16T11:25:59","date_gmt":"2023-10-16T14:25:59","guid":{"rendered":"https:\/\/summiteducacion.uc.cl\/xviii-jornadas-de-gestion-de-educacion-superior\/"},"modified":"2022-11-03T18:42:50","modified_gmt":"2022-11-03T21:42:50","slug":"xviii-jornadas-de-gestion-de-educacion-superior","status":"publish","type":"page","link":"https:\/\/summiteducacion.uc.cl\/en\/xviii-jornadas-de-gestion-de-educacion-superior\/","title":{"rendered":"XVIII Jornadas de Gesti\u00f3n de Educaci\u00f3n Superior"},"content":{"rendered":"\n<p>Las Jornadas de Gesti\u00f3n de Educaci\u00f3n Superior se han ido consolidando como el m\u00e1s importante lugar de encuentro e intercambio de experiencias entre directivos de la Educaci\u00f3n Superior de Latinoam\u00e9rica. Distintas tem\u00e1ticas son abordadas en presentaciones y paneles liderados por invitados internacionales, en ponencias en materia de gesti\u00f3n presentadas por directivos y profesionales de la educaci\u00f3n superior provenientes de toda Am\u00e9rica Latina; y a trav\u00e9s de talleres de desarrollo profesional.<\/p>\n","protected":false},"excerpt":{"rendered":"<p>Las Jornadas de Gesti\u00f3n de Educaci\u00f3n Superior se han ido consolidando como el m\u00e1s importante lugar de encuentro e intercambio de experiencias entre directivos de la Educaci\u00f3n Superior de Latinoam\u00e9rica. Distintas tem\u00e1ticas son abordadas en presentaciones y paneles liderados por invitados internacionales, en ponencias en materia de gesti\u00f3n presentadas por directivos y profesionales de la [&hellip;]<\/p>\n","protected":false},"author":1,"featured_media":0,"parent":0,"menu_order":0,"comment_status":"closed","ping_status":"closed","template":"page-template-jornadas.php","meta":{"_acf_changed":false,"footnotes":""},"class_list":["post-584","page","type-page","status-publish","hentry"],"acf":[],"yoast_head":"<!-- This site is optimized with the Yoast SEO plugin v25.4 - https:\/\/yoast.com\/wordpress\/plugins\/seo\/ -->\n<title>XVIII Jornadas de Gesti\u00f3n de Educaci\u00f3n Superior - Summit Internacional de Educaci\u00f3n UC<\/title>\n<meta name=\"robots\" content=\"index, follow, max-snippet:-1, max-image-preview:large, max-video-preview:-1\" \/>\n<link rel=\"canonical\" href=\"https:\/\/summiteducacion.uc.cl\/en\/xviii-jornadas-de-gestion-de-educacion-superior\/\" \/>\n<meta property=\"og:locale\" content=\"en_US\" \/>\n<meta property=\"og:type\" content=\"article\" \/>\n<meta property=\"og:title\" content=\"XVIII Jornadas de Gesti\u00f3n de Educaci\u00f3n Superior - Summit Internacional de Educaci\u00f3n UC\" \/>\n<meta property=\"og:description\" content=\"Las Jornadas de Gesti\u00f3n de Educaci\u00f3n Superior se han ido consolidando como el m\u00e1s importante lugar de encuentro e intercambio de experiencias entre directivos de la Educaci\u00f3n Superior de Latinoam\u00e9rica. Distintas tem\u00e1ticas son abordadas en presentaciones y paneles liderados por invitados internacionales, en ponencias en materia de gesti\u00f3n presentadas por directivos y profesionales de la [&hellip;]\" \/>\n<meta property=\"og:url\" content=\"https:\/\/summiteducacion.uc.cl\/en\/xviii-jornadas-de-gestion-de-educacion-superior\/\" \/>\n<meta property=\"og:site_name\" content=\"Summit Internacional de Educaci\u00f3n UC\" \/>\n<meta name=\"twitter:card\" content=\"summary_large_image\" \/>\n<script type=\"application\/ld+json\" class=\"yoast-schema-graph\">{\"@context\":\"https:\/\/schema.org\",\"@graph\":[{\"@type\":\"WebPage\",\"@id\":\"https:\/\/summiteducacion.uc.cl\/en\/xviii-jornadas-de-gestion-de-educacion-superior\/\",\"url\":\"https:\/\/summiteducacion.uc.cl\/en\/xviii-jornadas-de-gestion-de-educacion-superior\/\",\"name\":\"XVIII Jornadas de Gesti\u00f3n de Educaci\u00f3n Superior - Summit Internacional de Educaci\u00f3n UC\",\"isPartOf\":{\"@id\":\"https:\/\/summiteducacion.uc.cl\/en\/#website\"},\"datePublished\":\"2023-10-16T14:25:59+00:00\",\"breadcrumb\":{\"@id\":\"https:\/\/summiteducacion.uc.cl\/en\/xviii-jornadas-de-gestion-de-educacion-superior\/#breadcrumb\"},\"inLanguage\":\"en-US\",\"potentialAction\":[{\"@type\":\"ReadAction\",\"target\":[\"https:\/\/summiteducacion.uc.cl\/en\/xviii-jornadas-de-gestion-de-educacion-superior\/\"]}]},{\"@type\":\"BreadcrumbList\",\"@id\":\"https:\/\/summiteducacion.uc.cl\/en\/xviii-jornadas-de-gestion-de-educacion-superior\/#breadcrumb\",\"itemListElement\":[{\"@type\":\"ListItem\",\"position\":1,\"name\":\"Portada\",\"item\":\"https:\/\/summiteducacion.uc.cl\/en\/\"},{\"@type\":\"ListItem\",\"position\":2,\"name\":\"XVIII Jornadas de Gesti\u00f3n de Educaci\u00f3n Superior\"}]},{\"@type\":\"WebSite\",\"@id\":\"https:\/\/summiteducacion.uc.cl\/en\/#website\",\"url\":\"https:\/\/summiteducacion.uc.cl\/en\/\",\"name\":\"Summit Internacional de Educaci\u00f3n UC\",\"description\":\"Inteligencia artificial en la educaci\u00f3n\",\"potentialAction\":[{\"@type\":\"SearchAction\",\"target\":{\"@type\":\"EntryPoint\",\"urlTemplate\":\"https:\/\/summiteducacion.uc.cl\/en\/?s={search_term_string}\"},\"query-input\":{\"@type\":\"PropertyValueSpecification\",\"valueRequired\":true,\"valueName\":\"search_term_string\"}}],\"inLanguage\":\"en-US\"}]}<\/script>\n<!-- \/ Yoast SEO plugin. -->","yoast_head_json":{"title":"XVIII Jornadas de Gesti\u00f3n de Educaci\u00f3n Superior - Summit Internacional de Educaci\u00f3n UC","robots":{"index":"index","follow":"follow","max-snippet":"max-snippet:-1","max-image-preview":"max-image-preview:large","max-video-preview":"max-video-preview:-1"},"canonical":"https:\/\/summiteducacion.uc.cl\/en\/xviii-jornadas-de-gestion-de-educacion-superior\/","og_locale":"en_US","og_type":"article","og_title":"XVIII Jornadas de Gesti\u00f3n de Educaci\u00f3n Superior - Summit Internacional de Educaci\u00f3n UC","og_description":"Las Jornadas de Gesti\u00f3n de Educaci\u00f3n Superior se han ido consolidando como el m\u00e1s importante lugar de encuentro e intercambio de experiencias entre directivos de la Educaci\u00f3n Superior de Latinoam\u00e9rica. Distintas tem\u00e1ticas son abordadas en presentaciones y paneles liderados por invitados internacionales, en ponencias en materia de gesti\u00f3n presentadas por directivos y profesionales de la [&hellip;]","og_url":"https:\/\/summiteducacion.uc.cl\/en\/xviii-jornadas-de-gestion-de-educacion-superior\/","og_site_name":"Summit Internacional de Educaci\u00f3n UC","twitter_card":"summary_large_image","schema":{"@context":"https:\/\/schema.org","@graph":[{"@type":"WebPage","@id":"https:\/\/summiteducacion.uc.cl\/en\/xviii-jornadas-de-gestion-de-educacion-superior\/","url":"https:\/\/summiteducacion.uc.cl\/en\/xviii-jornadas-de-gestion-de-educacion-superior\/","name":"XVIII Jornadas de Gesti\u00f3n de Educaci\u00f3n Superior - Summit Internacional de Educaci\u00f3n UC","isPartOf":{"@id":"https:\/\/summiteducacion.uc.cl\/en\/#website"},"datePublished":"2023-10-16T14:25:59+00:00","breadcrumb":{"@id":"https:\/\/summiteducacion.uc.cl\/en\/xviii-jornadas-de-gestion-de-educacion-superior\/#breadcrumb"},"inLanguage":"en-US","potentialAction":[{"@type":"ReadAction","target":["https:\/\/summiteducacion.uc.cl\/en\/xviii-jornadas-de-gestion-de-educacion-superior\/"]}]},{"@type":"BreadcrumbList","@id":"https:\/\/summiteducacion.uc.cl\/en\/xviii-jornadas-de-gestion-de-educacion-superior\/#breadcrumb","itemListElement":[{"@type":"ListItem","position":1,"name":"Portada","item":"https:\/\/summiteducacion.uc.cl\/en\/"},{"@type":"ListItem","position":2,"name":"XVIII Jornadas de Gesti\u00f3n de Educaci\u00f3n Superior"}]},{"@type":"WebSite","@id":"https:\/\/summiteducacion.uc.cl\/en\/#website","url":"https:\/\/summiteducacion.uc.cl\/en\/","name":"Summit Internacional de Educaci\u00f3n UC","description":"Inteligencia artificial en la educaci\u00f3n","potentialAction":[{"@type":"SearchAction","target":{"@type":"EntryPoint","urlTemplate":"https:\/\/summiteducacion.uc.cl\/en\/?s={search_term_string}"},"query-input":{"@type":"PropertyValueSpecification","valueRequired":true,"valueName":"search_term_string"}}],"inLanguage":"en-US"}]}},"_links":{"self":[{"href":"https:\/\/summiteducacion.uc.cl\/en\/wp-json\/wp\/v2\/pages\/584","targetHints":{"allow":["GET"]}}],"collection":[{"href":"https:\/\/summiteducacion.uc.cl\/en\/wp-json\/wp\/v2\/pages"}],"about":[{"href":"https:\/\/summiteducacion.uc.cl\/en\/wp-json\/wp\/v2\/types\/page"}],"author":[{"embeddable":true,"href":"https:\/\/summiteducacion.uc.cl\/en\/wp-json\/wp\/v2\/users\/1"}],"replies":[{"embeddable":true,"href":"https:\/\/summiteducacion.uc.cl\/en\/wp-json\/wp\/v2\/comments?post=584"}],"version-history":[{"count":0,"href":"https:\/\/summiteducacion.uc.cl\/en\/wp-json\/wp\/v2\/pages\/584\/revisions"}],"wp:attachment":[{"href":"https:\/\/summiteducacion.uc.cl\/en\/wp-json\/wp\/v2\/media?parent=584"}],"curies":[{"name":"wp","href":"https:\/\/api.w.org\/{rel}","templated":true}]}}