{"id":576,"date":"2022-10-26T17:12:42","date_gmt":"2022-10-26T20:12:42","guid":{"rendered":"https:\/\/summiteducacion.uc.cl\/postulacion-de-ponencias-xix-jornada-de-gestion-en-educacion-superior\/"},"modified":"2025-12-01T11:19:02","modified_gmt":"2025-12-01T14:19:02","slug":"postulacion-de-ponencias-xxii-jornada-de-gestion-en-educacion-superior","status":"publish","type":"page","link":"https:\/\/summiteducacion.uc.cl\/en\/postulacion-de-ponencias-xxii-jornada-de-gestion-en-educacion-superior\/","title":{"rendered":"Ponencias 2026 &#8211; XXII Jornada de Gesti\u00f3n en Educaci\u00f3n Superior"},"content":{"rendered":"\n<div class=\"wp-block-buttons is-layout-flex wp-block-buttons-is-layout-flex\">\n<div class=\"wp-block-button\"><a class=\"wp-block-button__link wp-element-button\" href=\"https:\/\/summiteducacion.uc.cl\/wp-content\/uploads\/2025\/08\/Convocatoria-Ponencias-JGES-2026-FINAL.pdf\">Convocatoria Ponencias 2026 &#8211; ES<\/a><\/div>\n\n\n\n<div class=\"wp-block-button\"><a class=\"wp-block-button__link wp-element-button\" href=\"https:\/\/summiteducacion.uc.cl\/wp-content\/uploads\/2025\/08\/CallforPresentations_JGES2026.-PVFC-v190825.pdf\">Convocatoria Ponencias 2026 &#8211; EN<\/a><\/div>\n<\/div>\n\n\n\n<p class=\"has-white-color has-text-color has-link-color wp-elements-77fda45ac5a147db1a5a409e77037340\">ESPACIO<\/p>\n\n\n\n<p><strong>POSTULACI\u00d3N DE PONENCIAS CERRADA.<\/strong><\/p>\n\n\n\n<p><strong>\u00a1MUCHAS GRACIAS A QUIENES ENVIARON SU PONENCIA! EL 14 DE DICIEMBRE SE ANUNCIAN LOS SELECCIONADOS.<\/strong><\/p>\n\n\n\n\n\n<p><\/p>\n","protected":false},"excerpt":{"rendered":"<p>ESPACIO POSTULACI\u00d3N DE PONENCIAS CERRADA. \u00a1MUCHAS GRACIAS A QUIENES ENVIARON SU PONENCIA! EL 14 DE DICIEMBRE SE ANUNCIAN LOS SELECCIONADOS.<\/p>\n","protected":false},"author":1,"featured_media":0,"parent":0,"menu_order":0,"comment_status":"closed","ping_status":"closed","template":"page-template-inscripcion.php","meta":{"_acf_changed":false,"footnotes":""},"class_list":["post-576","page","type-page","status-publish","hentry"],"acf":[],"yoast_head":"<!-- This site is optimized with the Yoast SEO plugin v25.4 - https:\/\/yoast.com\/wordpress\/plugins\/seo\/ -->\n<title>Ponencias 2026 - XXII Jornada de Gesti\u00f3n en Educaci\u00f3n Superior - Summit Internacional de Educaci\u00f3n UC<\/title>\n<meta name=\"description\" content=\"Formulario de Inscripci\u00f3n Summit Internacional de Educaci\u00f3n 2026. Pontificia Universidad Cat\u00f3lica de Chile.\" \/>\n<meta name=\"robots\" content=\"index, follow, max-snippet:-1, max-image-preview:large, max-video-preview:-1\" \/>\n<link rel=\"canonical\" href=\"https:\/\/summiteducacion.uc.cl\/en\/postulacion-de-ponencias-xxii-jornada-de-gestion-en-educacion-superior\/\" \/>\n<meta property=\"og:locale\" content=\"en_US\" \/>\n<meta property=\"og:type\" content=\"article\" \/>\n<meta property=\"og:title\" content=\"Ponencias 2026 - XXII Jornada de Gesti\u00f3n en Educaci\u00f3n Superior - Summit Internacional de Educaci\u00f3n UC\" \/>\n<meta property=\"og:description\" content=\"Formulario de Inscripci\u00f3n Summit Internacional de Educaci\u00f3n 2026. Pontificia Universidad Cat\u00f3lica de Chile.\" \/>\n<meta property=\"og:url\" content=\"https:\/\/summiteducacion.uc.cl\/en\/postulacion-de-ponencias-xxii-jornada-de-gestion-en-educacion-superior\/\" \/>\n<meta property=\"og:site_name\" content=\"Summit Internacional de Educaci\u00f3n UC\" \/>\n<meta property=\"article:modified_time\" content=\"2025-12-01T14:19:02+00:00\" \/>\n<meta name=\"twitter:card\" content=\"summary_large_image\" \/>\n<script type=\"application\/ld+json\" class=\"yoast-schema-graph\">{\"@context\":\"https:\/\/schema.org\",\"@graph\":[{\"@type\":\"WebPage\",\"@id\":\"https:\/\/summiteducacion.uc.cl\/en\/postulacion-de-ponencias-xxii-jornada-de-gestion-en-educacion-superior\/\",\"url\":\"https:\/\/summiteducacion.uc.cl\/en\/postulacion-de-ponencias-xxii-jornada-de-gestion-en-educacion-superior\/\",\"name\":\"Ponencias 2026 - XXII Jornada de Gesti\u00f3n en Educaci\u00f3n Superior - Summit Internacional de Educaci\u00f3n UC\",\"isPartOf\":{\"@id\":\"https:\/\/summiteducacion.uc.cl\/en\/#website\"},\"datePublished\":\"2022-10-26T20:12:42+00:00\",\"dateModified\":\"2025-12-01T14:19:02+00:00\",\"description\":\"Formulario de Inscripci\u00f3n Summit Internacional de Educaci\u00f3n 2026. Pontificia Universidad Cat\u00f3lica de Chile.\",\"breadcrumb\":{\"@id\":\"https:\/\/summiteducacion.uc.cl\/en\/postulacion-de-ponencias-xxii-jornada-de-gestion-en-educacion-superior\/#breadcrumb\"},\"inLanguage\":\"en-US\",\"potentialAction\":[{\"@type\":\"ReadAction\",\"target\":[\"https:\/\/summiteducacion.uc.cl\/en\/postulacion-de-ponencias-xxii-jornada-de-gestion-en-educacion-superior\/\"]}]},{\"@type\":\"BreadcrumbList\",\"@id\":\"https:\/\/summiteducacion.uc.cl\/en\/postulacion-de-ponencias-xxii-jornada-de-gestion-en-educacion-superior\/#breadcrumb\",\"itemListElement\":[{\"@type\":\"ListItem\",\"position\":1,\"name\":\"Portada\",\"item\":\"https:\/\/summiteducacion.uc.cl\/en\/\"},{\"@type\":\"ListItem\",\"position\":2,\"name\":\"Ponencias 2026 &#8211; XXII Jornada de Gesti\u00f3n en Educaci\u00f3n Superior\"}]},{\"@type\":\"WebSite\",\"@id\":\"https:\/\/summiteducacion.uc.cl\/en\/#website\",\"url\":\"https:\/\/summiteducacion.uc.cl\/en\/\",\"name\":\"Summit Internacional de Educaci\u00f3n UC\",\"description\":\"Inteligencia artificial en la educaci\u00f3n\",\"potentialAction\":[{\"@type\":\"SearchAction\",\"target\":{\"@type\":\"EntryPoint\",\"urlTemplate\":\"https:\/\/summiteducacion.uc.cl\/en\/?s={search_term_string}\"},\"query-input\":{\"@type\":\"PropertyValueSpecification\",\"valueRequired\":true,\"valueName\":\"search_term_string\"}}],\"inLanguage\":\"en-US\"}]}<\/script>\n<!-- \/ Yoast SEO plugin. -->","yoast_head_json":{"title":"Ponencias 2026 - XXII Jornada de Gesti\u00f3n en Educaci\u00f3n Superior - Summit Internacional de Educaci\u00f3n UC","description":"Formulario de Inscripci\u00f3n Summit Internacional de Educaci\u00f3n 2026. Pontificia Universidad Cat\u00f3lica de Chile.","robots":{"index":"index","follow":"follow","max-snippet":"max-snippet:-1","max-image-preview":"max-image-preview:large","max-video-preview":"max-video-preview:-1"},"canonical":"https:\/\/summiteducacion.uc.cl\/en\/postulacion-de-ponencias-xxii-jornada-de-gestion-en-educacion-superior\/","og_locale":"en_US","og_type":"article","og_title":"Ponencias 2026 - XXII Jornada de Gesti\u00f3n en Educaci\u00f3n Superior - Summit Internacional de Educaci\u00f3n UC","og_description":"Formulario de Inscripci\u00f3n Summit Internacional de Educaci\u00f3n 2026. Pontificia Universidad Cat\u00f3lica de Chile.","og_url":"https:\/\/summiteducacion.uc.cl\/en\/postulacion-de-ponencias-xxii-jornada-de-gestion-en-educacion-superior\/","og_site_name":"Summit Internacional de Educaci\u00f3n UC","article_modified_time":"2025-12-01T14:19:02+00:00","twitter_card":"summary_large_image","schema":{"@context":"https:\/\/schema.org","@graph":[{"@type":"WebPage","@id":"https:\/\/summiteducacion.uc.cl\/en\/postulacion-de-ponencias-xxii-jornada-de-gestion-en-educacion-superior\/","url":"https:\/\/summiteducacion.uc.cl\/en\/postulacion-de-ponencias-xxii-jornada-de-gestion-en-educacion-superior\/","name":"Ponencias 2026 - XXII Jornada de Gesti\u00f3n en Educaci\u00f3n Superior - Summit Internacional de Educaci\u00f3n UC","isPartOf":{"@id":"https:\/\/summiteducacion.uc.cl\/en\/#website"},"datePublished":"2022-10-26T20:12:42+00:00","dateModified":"2025-12-01T14:19:02+00:00","description":"Formulario de Inscripci\u00f3n Summit Internacional de Educaci\u00f3n 2026. Pontificia Universidad Cat\u00f3lica de Chile.","breadcrumb":{"@id":"https:\/\/summiteducacion.uc.cl\/en\/postulacion-de-ponencias-xxii-jornada-de-gestion-en-educacion-superior\/#breadcrumb"},"inLanguage":"en-US","potentialAction":[{"@type":"ReadAction","target":["https:\/\/summiteducacion.uc.cl\/en\/postulacion-de-ponencias-xxii-jornada-de-gestion-en-educacion-superior\/"]}]},{"@type":"BreadcrumbList","@id":"https:\/\/summiteducacion.uc.cl\/en\/postulacion-de-ponencias-xxii-jornada-de-gestion-en-educacion-superior\/#breadcrumb","itemListElement":[{"@type":"ListItem","position":1,"name":"Portada","item":"https:\/\/summiteducacion.uc.cl\/en\/"},{"@type":"ListItem","position":2,"name":"Ponencias 2026 &#8211; XXII Jornada de Gesti\u00f3n en Educaci\u00f3n Superior"}]},{"@type":"WebSite","@id":"https:\/\/summiteducacion.uc.cl\/en\/#website","url":"https:\/\/summiteducacion.uc.cl\/en\/","name":"Summit Internacional de Educaci\u00f3n UC","description":"Inteligencia artificial en la educaci\u00f3n","potentialAction":[{"@type":"SearchAction","target":{"@type":"EntryPoint","urlTemplate":"https:\/\/summiteducacion.uc.cl\/en\/?s={search_term_string}"},"query-input":{"@type":"PropertyValueSpecification","valueRequired":true,"valueName":"search_term_string"}}],"inLanguage":"en-US"}]}},"_links":{"self":[{"href":"https:\/\/summiteducacion.uc.cl\/en\/wp-json\/wp\/v2\/pages\/576","targetHints":{"allow":["GET"]}}],"collection":[{"href":"https:\/\/summiteducacion.uc.cl\/en\/wp-json\/wp\/v2\/pages"}],"about":[{"href":"https:\/\/summiteducacion.uc.cl\/en\/wp-json\/wp\/v2\/types\/page"}],"author":[{"embeddable":true,"href":"https:\/\/summiteducacion.uc.cl\/en\/wp-json\/wp\/v2\/users\/1"}],"replies":[{"embeddable":true,"href":"https:\/\/summiteducacion.uc.cl\/en\/wp-json\/wp\/v2\/comments?post=576"}],"version-history":[{"count":52,"href":"https:\/\/summiteducacion.uc.cl\/en\/wp-json\/wp\/v2\/pages\/576\/revisions"}],"predecessor-version":[{"id":5157,"href":"https:\/\/summiteducacion.uc.cl\/en\/wp-json\/wp\/v2\/pages\/576\/revisions\/5157"}],"wp:attachment":[{"href":"https:\/\/summiteducacion.uc.cl\/en\/wp-json\/wp\/v2\/media?parent=576"}],"curies":[{"name":"wp","href":"https:\/\/api.w.org\/{rel}","templated":true}]}}